{"id":18,"date":"2018-05-25T16:07:31","date_gmt":"2018-05-25T14:07:31","guid":{"rendered":"http:\/\/hamdon.de\/?page_id=18"},"modified":"2019-12-12T14:18:04","modified_gmt":"2019-12-12T13:18:04","slug":"impressum","status":"publish","type":"page","link":"https:\/\/hamdon.de\/?page_id=18","title":{"rendered":"Impressum"},"content":{"rendered":"<p>Hamdon Properties, Inhaber David Savinson<\/p>\n<p>Tel: +49 40 35713544<\/p>\n<p>Fax: +49 40 35713543<\/p>\n<p>Email: properties@hamdon.de<\/p>\n<p>Firmensitz: Colonnaden 5, 20354 Hamburg<\/p>\n<p>Inhaltlich verantwortlich: David Savinson<\/p>\n<p>USt-ID- Nummer: DE206552366<\/p>\n<p><strong>Berufsaufsichtsbeh\u00f6rde<\/strong> Erlaubnis nach \u00a734c der Gewerbeordnung durch das Bezirksamt Hamburg-Mitte, 20095 Hamburg<\/p>\n<p><strong>Erkl\u00e4rungen zum Datenschutz<\/strong><\/p>\n<p><strong>Urheberrecht:<\/strong><\/p>\n<p>Falls nicht anders angegeben, unterliegen alle Seiten auf diesem Informationsserver dem Urheberrecht (Copyright). Dies gilt insbesondere f\u00fcr Texte, Bilder, Grafiken, Ton-, Video- oder Animationsdateien einschlie\u00dflich deren Anordnung auf den Web-Seiten. Eine Vervielf\u00e4ltigung oder Verwendung solcher Seiten (oder Teilen davon) in anderen elektronischen oder gedruckten Publikationen und deren Ver\u00f6ffentlichung (auch im Internet) ist nur nach vorheriger Genehmigung gestattet. Weiterhin k\u00f6nnen Bilder, Grafiken, Text- oder sonstige Dateien ganz oder teilweise dem Urheberrecht Dritter unterliegen. Alle innerhalb des Internetangebotes genannten und ggf. durch Dritte gesch\u00fctzten Marken- und Warenzeichen unterliegen uneingeschr\u00e4nkt den Bestimmungen des jeweils g\u00fcltigen Kennzeichenrechts und den Besitzrechten der jeweiligen eingetragenen Eigent\u00fcmer. Allein aufgrund der blo\u00dfen Nennung in unserem Internetangebot ist nicht der Schluss zu ziehen, dass Markenzeichen nicht durch Rechte Dritter gesch\u00fctzt sind.<\/p>\n<p><strong>Haftungsausschluss:<\/strong><\/p>\n<p>Hamdon Properties, Inhaber David Savinson hat alle bereitgestellten Informationen nach bestem Wissen und Gewissen erarbeitet und gepr\u00fcft. Es wird jedoch keine Gew\u00e4hr f\u00fcr die Aktualit\u00e4t, Richtigkeit, Vollst\u00e4ndigkeit oder Qualit\u00e4t und jederzeitige Verf\u00fcgbarkeit der bereitgestellten Informationen \u00fcbernommen.<\/p>\n<p><strong>Erkl\u00e4rung zur Informationspflicht (Datenschutzerkl\u00e4rung):<\/strong><\/p>\n<p>Der Schutz Ihrer pers\u00f6nlichen Daten ist uns ein besonderes Anliegen. Wir verarbeiten Ihre Daten daher ausschlie\u00dflich auf Grundlage der gesetzlichen Bestimmungen (DSGVO). In diesen Datenschutz-informationen informieren wir Sie \u00fcber die wichtigsten Aspekte der Datenverarbeitung im Rahmen unserer Website.<\/p>\n<p>Wegen Ihrer weiteren Rechte siehe bitte unten unter \u201eAuskunftsrecht und weitere Informationen\u201c.<\/p>\n<p><strong>Kontakt mit uns:<\/strong><\/p>\n<p>Wenn Sie per E-Mail Kontakt mit uns aufnehmen, werden Ihre angegebenen Daten zwecks Bearbeitung der Anfrage und f\u00fcr den Fall von Anschlussfragen bei uns gespeichert. Diese Daten geben wir nicht ohne Ihre Einwilligung weiter.<\/p>\n<p><strong>Auskunftsrecht und weitere Informationen:<\/strong><\/p>\n<p>Ihr Vertrauen ist uns wichtig. Sie haben jederzeit das Recht auf Auskunft \u00fcber die bez\u00fcglich Ihrer Person gespeicherten Daten, deren Herkunft und Empf\u00e4nger sowie den Zweck der Speicherung.<\/p>\n<p>Daher m\u00f6chten wir Ihnen jederzeit Rede und Antwort bez\u00fcglich der Verarbeitung Ihrer personenbezogenen Daten stehen. Wenn Sie Fragen haben, die Ihnen diese Datenschutzerkl\u00e4rung nicht beantworten konnte, wenden Sie sich bitte jederzeit an uns unter der E-Mail Adresse\u00a0 properties@hamdon.de<\/p>\n<p>Ihnen stehen grunds\u00e4tzlich die Rechte auf Auskunft, Berichtigung, L\u00f6schung, Einschr\u00e4nkung, Daten\u00fcbertragbarkeit, Widerruf und Widerspruch zu. Wenn Sie glauben, dass die Verarbeitung Ihrer Daten gegen das Datenschutzrecht verst\u00f6\u00dft oder Ihre datenschutzrechtlichen Anspr\u00fcche sonst in einer Weise verletzt worden sind, k\u00f6nnen Sie sich bei der Aufsichtsbeh\u00f6rde beschweren.<\/p>\n","protected":false},"excerpt":{"rendered":"<p>Hamdon Properties, Inhaber David Savinson Tel: +49 40 35713544 Fax: +49 40 35713543 Email: properties@hamdon.de Firmensitz: Colonnaden 5, 20354 Hamburg Inhaltlich verantwortlich: David Savinson USt-ID- Nummer: DE206552366 Berufsaufsichtsbeh\u00f6rde Erlaubnis nach \u00a734c der Gewerbeordnung durch das Bezirksamt Hamburg-Mitte, 20095 Hamburg Erkl\u00e4rungen zum Datenschutz Urheberrecht: Falls nicht anders angegeben, unterliegen alle Seiten auf diesem Informationsserver dem Urheberrecht &hellip; <\/p>\n<p class=\"link-more\"><a href=\"https:\/\/hamdon.de\/?page_id=18\" class=\"more-link\">Continue reading<span class=\"screen-reader-text\"> &#8220;Impressum&#8221;<\/span><\/a><\/p>\n","protected":false},"author":1,"featured_media":0,"parent":0,"menu_order":0,"comment_status":"closed","ping_status":"closed","template":"","meta":[],"_links":{"self":[{"href":"https:\/\/hamdon.de\/index.php?rest_route=\/wp\/v2\/pages\/18"}],"collection":[{"href":"https:\/\/hamdon.de\/index.php?rest_route=\/wp\/v2\/pages"}],"about":[{"href":"https:\/\/hamdon.de\/index.php?rest_route=\/wp\/v2\/types\/page"}],"author":[{"embeddable":true,"href":"https:\/\/hamdon.de\/index.php?rest_route=\/wp\/v2\/users\/1"}],"replies":[{"embeddable":true,"href":"https:\/\/hamdon.de\/index.php?rest_route=%2Fwp%2Fv2%2Fcomments&post=18"}],"version-history":[{"count":6,"href":"https:\/\/hamdon.de\/index.php?rest_route=\/wp\/v2\/pages\/18\/revisions"}],"predecessor-version":[{"id":82,"href":"https:\/\/hamdon.de\/index.php?rest_route=\/wp\/v2\/pages\/18\/revisions\/82"}],"wp:attachment":[{"href":"https:\/\/hamdon.de\/index.php?rest_route=%2Fwp%2Fv2%2Fmedia&parent=18"}],"curies":[{"name":"wp","href":"https:\/\/api.w.org\/{rel}","templated":true}]}}